{"id":3,"date":"2024-07-29T08:33:00","date_gmt":"2024-07-29T06:33:00","guid":{"rendered":"https:\/\/www.hemicnewhomes.com\/?page_id=3"},"modified":"2024-08-11T20:55:47","modified_gmt":"2024-08-11T18:55:47","slug":"politica-privacidad","status":"publish","type":"page","link":"https:\/\/www.hemicnewhomes.com\/en\/politica-privacidad\/","title":{"rendered":"Privacy policy"},"content":{"rendered":"<div data-elementor-type=\"wp-page\" data-elementor-id=\"3\" class=\"elementor elementor-3\" data-elementor-post-type=\"page\">\n\t\t\t\t<div class=\"elementor-element elementor-element-8f3530e e-flex e-con-boxed e-con e-parent\" data-id=\"8f3530e\" data-element_type=\"container\" data-settings=\"{&quot;background_background&quot;:&quot;classic&quot;}\">\n\t\t\t\t\t<div class=\"e-con-inner\">\n\t\t\t\t<div class=\"elementor-element elementor-element-a741379 elementor-widget elementor-widget-text-editor\" data-id=\"a741379\" data-element_type=\"widget\" data-widget_type=\"text-editor.default\">\n\t\t\t\t<div class=\"elementor-widget-container\">\n\t\t\t\t\t\t\t<div id=\"comp-l4pg513z3\" class=\"HcOXKn c9GqVL QxJLC3 comp-l4pg513z3 wixui-rich-text\" data-testid=\"richTextElement\" data-motion-enter=\"done\">\n<p class=\"font_8 wixui-rich-text__text\">HEMIC NEW HOMES, conforme a la legislaci\u00f3n vigente en materia de Protecci\u00f3n de Datos de Car\u00e1cter Personal, pone en conocimiento de los usuarios de la p\u00e1gina web\u00a0<a class=\"wixui-rich-text__text\" href=\"https:\/\/www.hemicnewhomes.com\/en\/\" target=\"_blank\" rel=\"noopener\" data-auto-recognition=\"true\">www.hemicnewhomes.com<\/a>\u00a0(en adelante, la P\u00e1gina) la Pol\u00edtica de Privacidad y Protecci\u00f3n de Datos que aplicar\u00e1 en el tratamiento de los datos personales que el Usuario facilite voluntariamente al acceder a su web.<\/p>\n<p class=\"font_8 wixui-rich-text__text\">El Usuario, al proporcionar a HEMIC NEW HOMES sus datos de car\u00e1cter personal a trav\u00e9s de los formularios electr\u00f3nicos de la Web, a trav\u00e9s de la marcaci\u00f3n de la correspondiente casilla de aceptaci\u00f3n, consiente expresamente que HEMIC NEW HOMES pueda tratar esos datos en los t\u00e9rminos de esta cl\u00e1usula de Pol\u00edtica de Privacidad y Protecci\u00f3n de Datos y para los fines aqu\u00ed expresados.<\/p>\n<p class=\"font_8 wixui-rich-text__text\">HEMIC NEW HOMES pone en conocimiento de los usuarios de la P\u00e1gina, que sus datos de car\u00e1cter personal s\u00f3lo podr\u00e1n obtenerse para su tratamiento cuando sean adecuados, pertinentes y no excesivos en relaci\u00f3n con el \u00e1mbito y las finalidades determinadas, expl\u00edcitas y leg\u00edtimas para las que se hayan obtenido. Ser\u00e1n suprimidos cuando hayan dejado de ser necesarios o pertinentes para dicha finalidad o cuando lo solicite el titular en el ejercicio de su derecho de supresi\u00f3n.<\/p>\n<p class=\"font_8 wixui-rich-text__text\">HEMIC NEW HOMES manifiesta su compromiso de cumplir con la legislaci\u00f3n vigente en cada momento en materia de protecci\u00f3n de datos.<br class=\"wixui-rich-text__text\" \/>Los datos personales facilitados ser\u00e1n tratados por la Compa\u00f1\u00eda y se utilizar\u00e1n de acuerdo con la siguiente informaci\u00f3n.\u00a0<\/p>\n<\/div>\n<div id=\"comp-l4pg513z9\" class=\"HcOXKn c9GqVL QxJLC3 comp-l4pg513z9 wixui-rich-text\" data-testid=\"richTextElement\" data-motion-enter=\"done\">\n<p class=\"font_8 wixui-rich-text__text\"><span class=\"wixui-rich-text__text\">\u00bfQu\u00e9 datos de car\u00e1cter personal recabamos y para qu\u00e9 los utilizamos?<\/span><\/p>\n<p class=\"font_8 wixui-rich-text__text\"><span class=\"wixui-rich-text__text\"><span class=\"wixGuard wixui-rich-text__text\">\u200b<\/span><\/span><\/p>\n<ul class=\"font_8 wixui-rich-text__text\">\n<li class=\"wixui-rich-text__text\">\n<p class=\"font_8 wixui-rich-text__text\">Datos recabados de manera directa: por la cumplimentaci\u00f3n voluntaria del formulario de suscripci\u00f3n para comunicaciones comerciales.\u00a0<\/p>\n<\/li>\n<li class=\"wixui-rich-text__text\">\n<p class=\"font_8 wixui-rich-text__text\">Datos recabados de manera indirecta mediante el uso de cookies: para estad\u00edsticas, para analizar el uso que se realiza de nuestra P\u00e1gina y facilitar servicios de valor a\u00f1adido como el mapa de ubicaci\u00f3n de nuestras oficinas.\u00a0<br class=\"wixui-rich-text__text\" \/>\u00a0<\/p>\n<\/li>\n<\/ul>\n<p class=\"font_8 wixui-rich-text__text\">En el desglose que le mostramos a continuaci\u00f3n encontrar\u00e1 informaci\u00f3n m\u00e1s detallada sobre el tratamiento de sus datos de car\u00e1cter personal, incluy\u00e9ndose los siguientes ep\u00edgrafes:<\/p>\n<p class=\"font_8 wixui-rich-text__text\"><span class=\"wixGuard wixui-rich-text__text\">\u200b<\/span><\/p>\n<ul class=\"font_8 wixui-rich-text__text\">\n<li class=\"wixui-rich-text__text\">\n<p class=\"font_8 wixui-rich-text__text\">Finalidades principales: Se identifica con que finalidad necesitamos recoger sus datos, es decir, porqu\u00e9 tratamos su informaci\u00f3n.<\/p>\n<\/li>\n<li class=\"wixui-rich-text__text\">\n<p class=\"font_8 wixui-rich-text__text\">Legitimaci\u00f3n: Se detalla el motivo que nos habilita para poder tratar sus datos.<\/p>\n<\/li>\n<li class=\"wixui-rich-text__text\">\n<p class=\"font_8 wixui-rich-text__text\">Plazos de conservaci\u00f3n: Se identifica el plazo concreto de conservaci\u00f3n o los criterios que determinan dicho periodo.<\/p>\n<\/li>\n<li class=\"wixui-rich-text__text\">\n<p class=\"font_8 wixui-rich-text__text\">Destinatarios: Identificamos, en su caso, con qui\u00e9n compartiremos sus datos de forma leg\u00edtima.<\/p>\n<\/li>\n<li class=\"wixui-rich-text__text\">\n<p class=\"font_8 wixui-rich-text__text\">Derechos de los interesados: Le informamos sobre los derechos que le asisten como interesado en el tratamiento de sus datos de car\u00e1cter personal.<\/p>\n<\/li>\n<\/ul>\n<\/div>\n<div id=\"comp-l4pg51405\" class=\"HcOXKn c9GqVL QxJLC3 comp-l4pg51405 wixui-rich-text\" data-testid=\"richTextElement\" data-motion-enter=\"done\">\n<p class=\"font_8 wixui-rich-text__text\">INFORMACI\u00d3N SOBRE PROTECCI\u00d3N DE DATOS DE CAR\u00c1CTER PERSONAL<\/p>\n<p class=\"font_8 wixui-rich-text__text\">\u00a0<\/p>\n<p class=\"font_8 wixui-rich-text__text\">Responsable del tratamiento<\/p>\n<p class=\"font_8 wixui-rich-text__text\">Las empresas del Grupo HEMIC identificadas en el Punto 1 del Aviso Legal.\u00a0 \u00a0<\/p>\n<p class=\"font_8 wixui-rich-text__text\">HEMIC PROPERTIES S.L. act\u00faa como empresa prestadora de servicios, encargada del tratamiento, para la gesti\u00f3n integral de las Entidades que forman el HEMIC NEW HOMES. Dichas Entidades pueden ser consultadas en el Punto 1 del Aviso Legal. La utilizaci\u00f3n de los servicios de Venta y \u00c1rea Privada de la P\u00e1gina, puede recibir informaci\u00f3n dirigida a cualquiera de las Entidades del GRUPO, que en su caso actuar\u00e1 como empresa Responsable del tratamiento de los datos.\u00a0<\/p>\n<p class=\"font_8 wixui-rich-text__text\">\u00a0<\/p>\n<p class=\"font_8 wixui-rich-text__text\"><span class=\"wixui-rich-text__text\">Finalidades<\/span><\/p>\n<p class=\"font_8 wixui-rich-text__text\"><span class=\"wixui-rich-text__text\"><span class=\"wixGuard wixui-rich-text__text\">\u200b<\/span><\/span><\/p>\n<ul class=\"font_8 wixui-rich-text__text\">\n<li class=\"wixui-rich-text__text\">\n<p class=\"font_8 wixui-rich-text__text\">Gesti\u00f3n de la relaci\u00f3n establecida con el usuario.\u00a0<\/p>\n<\/li>\n<li class=\"wixui-rich-text__text\">\n<p class=\"font_8 wixui-rich-text__text\">Venta: Atender debidamente a su solicitud para recibir una oferta por su inmueble.\u00a0<\/p>\n<\/li>\n<li class=\"wixui-rich-text__text\">\n<p class=\"font_8 wixui-rich-text__text\">Compra: Atender debidamente su solicitud de reserva del inmueble, agendar una visita o una llamada.\u00a0<\/p>\n<\/li>\n<li class=\"wixui-rich-text__text\">\n<p class=\"font_8 wixui-rich-text__text\">Alquiler: Atender debidamente su solicitud de reserva del inmueble, as\u00ed como agendar una visita.\u00a0<\/p>\n<\/li>\n<li class=\"wixui-rich-text__text\">\n<p class=\"font_8 wixui-rich-text__text\">\u00c1rea Privada: Gestionar el Registro de cliente como usuario en el \u00e1rea privada, as\u00ed como atender debidamente las incidencias relacionadas con el inmueble.\u00a0<\/p>\n<\/li>\n<li class=\"wixui-rich-text__text\">\n<p class=\"font_8 wixui-rich-text__text\">Cookies: mantener el login de usuario registrado, vigencia de cesta de compra, proporcionar estad\u00edsticas asociadas al uso de la P\u00e1gina, ubicaci\u00f3n de nuestras oficinas y sistemas antispam (captcha).<\/p>\n<\/li>\n<li class=\"wixui-rich-text__text\">\n<p class=\"font_8 wixui-rich-text__text\">Env\u00edo de comunicaciones de naturaleza comercial, y cualquier otra expresamente solicitadas.<\/p>\n<\/li>\n<li class=\"wixui-rich-text__text\">\n<p class=\"font_8 wixui-rich-text__text\">Call Center: responder a su solicitud, gestionar su petici\u00f3n de visita, mejorar nuestro sistema de calidad, as\u00ed como la gesti\u00f3n de incidencias y reclamaciones por v\u00eda telef\u00f3nica.<\/p>\n<\/li>\n<\/ul>\n<p class=\"font_8 wixui-rich-text__text\">Los datos solicitados son necesarios para las gestiones de los usuarios realizadas a trav\u00e9s de la p\u00e1gina web.<\/p>\n<p class=\"font_8 wixui-rich-text__text\"><span class=\"inherit-font-size wixui-rich-text__text\"><span class=\"wixGuard wixui-rich-text__text\">\u200b<\/span><\/span><\/p>\n<p class=\"font_8 wixui-rich-text__text\">\u00a0<\/p>\n<p class=\"font_8 wixui-rich-text__text\"><span class=\"wixui-rich-text__text\">Legitimaci\u00f3n y conservaci\u00f3n<\/span><\/p>\n<p class=\"font_8 wixui-rich-text__text\"><span class=\"inherit-font-size wixui-rich-text__text\"><span class=\"wixGuard wixui-rich-text__text\">\u200b<\/span><\/span><\/p>\n<p class=\"font_8 wixui-rich-text__text\">La base jur\u00eddica para el tratamiento es el establecimiento de la relaci\u00f3n contractual con la petici\u00f3n del servicio de que se trate y el consentimiento otorgado por el Usuario con la marcaci\u00f3n, en su caso, de la correspondiente casilla de aceptaci\u00f3n de la Pol\u00edtica de privacidad que en cada caso corresponda.<\/p>\n<p class=\"font_8 wixui-rich-text__text\">En el caso de Call Center, la base para el tratamiento de los datos es la correcta ejecuci\u00f3n de la relaci\u00f3n entre las partes, as\u00ed como el inter\u00e9s leg\u00edtimo del responsable que ha de conocer las posibles incidencias o \u00e1reas de mejora en su sistema de calidad.<\/p>\n<p class=\"font_8 wixui-rich-text__text\"><span class=\"wixGuard wixui-rich-text__text\">\u200b<\/span><\/p>\n<p class=\"font_8 wixui-rich-text__text\">Los campos del formulario de contacto marcados con un asterisco (*) tienen la consideraci\u00f3n de campos necesarios para gestionar el objeto de \u00e9ste. De no facilitarlos, no ser\u00e1 posible atender su solicitud.<\/p>\n<p class=\"font_8 wixui-rich-text__text\">Consulte nuestra\u00a0<span class=\"wixui-rich-text__text\">pol\u00edtica de cookies<\/span>\u00a0para obtener informaci\u00f3n sobre las cookies necesarias para el funcionamiento de la web.<\/p>\n<p class=\"font_8 wixui-rich-text__text\"><span class=\"wixGuard wixui-rich-text__text\">\u200b<\/span><\/p>\n<ul class=\"font_8 wixui-rich-text__text\">\n<li class=\"wixui-rich-text__text\">\n<p class=\"font_8 wixui-rich-text__text\">Los datos de contacto se conservar\u00e1n durante el tiempo necesario para la prestaci\u00f3n de los servicios solicitados y no se solicite su supresi\u00f3n.<\/p>\n<\/li>\n<li class=\"wixui-rich-text__text\">\n<p class=\"font_8 wixui-rich-text__text\">Consulte nuestra Pol\u00edtica de Cookies para identificar la vigencia de cada cookie.<\/p>\n<\/li>\n<li class=\"wixui-rich-text__text\">\n<p class=\"font_8 wixui-rich-text__text\">Los datos de contacto para el env\u00edo de comunicaciones comerciales se conservar\u00e1n hasta que se solicite su supresi\u00f3n.\u00a0<\/p>\n<\/li>\n<li class=\"wixui-rich-text__text\">\n<p class=\"font_8 wixui-rich-text__text\">Con car\u00e1cter general, se podr\u00e1n conservar aquellos datos que resulten necesarios en cumplimiento de los distintos plazos de prescripci\u00f3n asociados a obligaciones legales o el ejercicio y desarrollo de acciones legales.<\/p>\n<\/li>\n<\/ul>\n<p class=\"font_8 wixui-rich-text__text\">\u00a0<\/p>\n<p class=\"font_8 wixui-rich-text__text\"><span class=\"inherit-font-size wixui-rich-text__text\"><span class=\"wixGuard wixui-rich-text__text\">\u200b<\/span><\/span><\/p>\n<p class=\"font_8 wixui-rich-text__text\"><span class=\"wixui-rich-text__text\">Destinatarios de cesiones y transferencias internacionales\u00a0<\/span><\/p>\n<p class=\"font_8 wixui-rich-text__text\"><span class=\"inherit-font-size wixui-rich-text__text\"><span class=\"wixGuard wixui-rich-text__text\">\u200b<\/span><\/span><\/p>\n<ul class=\"font_8 wixui-rich-text__text\">\n<li class=\"wixui-rich-text__text\">\n<p class=\"font_8 wixui-rich-text__text\">Empresas que forman parte del Grupo HEMIC NEW HOMES para la gesti\u00f3n de los diferentes servicios ofrecidos.\u00a0<\/p>\n<\/li>\n<li class=\"wixui-rich-text__text\">\n<p class=\"font_8 wixui-rich-text__text\">Responsables de servicios de anal\u00edtica web: La P\u00e1gina tiene habilitados los servicios de Google Analytics prestados por Google LLC. La interacci\u00f3n con los usuarios por el uso de dicha herramienta implica la transferencia internacional de datos, de tipo anal\u00edtico y t\u00e9cnico en relaci\u00f3n con la P\u00e1gina.\u00a0<\/p>\n<\/li>\n<li class=\"wixui-rich-text__text\">\n<p class=\"font_8 wixui-rich-text__text\">Titulares de redes sociales: HEMIC NEW HOMES utiliza redes sociales. La interacci\u00f3n con los usuarios por el uso de dichos perfiles o herramientas implica la transferencia internacional de datos (de tipo anal\u00edtico y t\u00e9cnico) a los servidores de la red social.<\/p>\n<\/li>\n<\/ul>\n<p class=\"font_8 wixui-rich-text__text\"><span class=\"wixGuard wixui-rich-text__text\">\u200b<\/span><\/p>\n<p class=\"font_8 wixui-rich-text__text\">Derechos de los interesadosPuede ejercitar sus derechos de acceso, rectificaci\u00f3n, supresi\u00f3n, portabilidad y la limitaci\u00f3n u oposici\u00f3n dirigi\u00e9ndose por escrito a\u00a0<span class=\"wixui-rich-text__text\"><a class=\"wixui-rich-text__text\" href=\"mailto:info@hemicnewhomes.com\" data-auto-recognition=\"true\">info@hemicnewhomes.com<\/a><\/span><\/p>\n<p class=\"font_8 wixui-rich-text__text\">Los interesados tienen derecho a retirar el consentimiento prestado.<\/p>\n<p class=\"font_8 wixui-rich-text__text\">Los interesados tienen derecho a reclamar ante la Autoridad de Control (Agencia Espa\u00f1ola de Protecci\u00f3n de Datos:\u00a0<span class=\"wixui-rich-text__text\"><a class=\"wixui-rich-text__text\" href=\"http:\/\/www.aepd.es\/\" target=\"_blank\" rel=\"noopener\" data-auto-recognition=\"true\">www.aepd.es<\/a><\/span>).<\/p>\n<\/div>\n<div id=\"comp-l4pg51416\" class=\"HcOXKn c9GqVL QxJLC3 comp-l4pg51416 wixui-rich-text\" data-testid=\"richTextElement\" data-motion-enter=\"done\">\n<p class=\"font_8 wixui-rich-text__text\">El usuario ser\u00e1 el \u00fanico responsable de la veracidad de los datos facilitados a la Compa\u00f1\u00eda.<br class=\"wixui-rich-text__text\" \/>Compa\u00f1\u00eda adopta las medidas de \u00edndole t\u00e9cnica y organizativa necesarias para garantizar la seguridad de los datos de car\u00e1cter personal contenidos en los mismos y para evitar su alteraci\u00f3n, p\u00e9rdida, tratamiento o acceso no autorizado, habida cuenta del estado de la tecnolog\u00eda, la naturaleza de los datos y los riesgos a los que est\u00e1n expuestos.\u00a0<br class=\"wixui-rich-text__text\" \/>La P\u00e1gina dispone del Certificado SSL (Secure Socket Layer), con la finalidad de garantizar la seguridad en la transmisi\u00f3n de datos entre su navegador y nuestra P\u00e1gina.<br class=\"wixui-rich-text__text\" \/>El servidor seguro establece una conexi\u00f3n de modo que la informaci\u00f3n se transmite cifrada, que aseguran que solo sea inteligible para el dispositivo del usuario y el de la P\u00e1gina. De este modo, al utilizar el protocolo SSL se garantiza:<\/p>\n<ul class=\"font_8 wixui-rich-text__text\">\n<li class=\"wixui-rich-text__text\">\n<p class=\"font_8 wixui-rich-text__text\">Que el usuario est\u00e1 comunicando sus datos al centro servidor de la P\u00e1gina y no a cualquier otro.<\/p>\n<\/li>\n<li class=\"wixui-rich-text__text\">\n<p class=\"font_8 wixui-rich-text__text\">Que entre el usuario y la P\u00e1gina los datos se transmiten cifrados, evitando su posible lectura o manipulaci\u00f3n por terceros.<br class=\"wixui-rich-text__text\" \/>\u00a0<\/p>\n<\/li>\n<\/ul>\n<p class=\"font_8 wixui-rich-text__text\">Para verificar que se encuentra en un entorno seguro, el Cliente debe revisar que la direcci\u00f3n de la P\u00e1gina de verificaci\u00f3n comience por https:\/\/<br class=\"wixui-rich-text__text\" \/>Tambi\u00e9n puede identificar la P\u00e1gina como segura cuando aparezca el icono de un candado en la barra de direcci\u00f3n de su navegador.<br class=\"wixui-rich-text__text\" \/>Por \u00faltimo, tambi\u00e9n puede verificar la presencia del certificado SSL comprobando las propiedades de la P\u00e1gina en su navegador, para lo cual deber\u00e1 consultar las caracter\u00edsticas del mismo.<br class=\"wixui-rich-text__text\" \/>Cualquier cambio realizado en la Pol\u00edtica de Privacidad y en las pr\u00e1cticas de administraci\u00f3n de la informaci\u00f3n se reflejar\u00e1 de forma oportuna, pudiendo la Compa\u00f1\u00eda agregar, modificar o eliminar dicha pol\u00edtica de privacidad cuando lo estime necesario.\u00a0<br class=\"wixui-rich-text__text\" \/>En ning\u00fan caso la Compa\u00f1\u00eda modificar\u00e1 las pol\u00edticas ni pr\u00e1cticas para hacerlas menos eficaces en la protecci\u00f3n de los datos personales de nuestros clientes almacenados anteriormente, sin el consentimiento previo de los clientes afectados.<\/p>\n<\/div>\t\t\t\t\t\t<\/div>\n\t\t\t\t<\/div>\n\t\t\t\t\t<\/div>\n\t\t\t\t<\/div>\n\t\t\t\t<\/div>","protected":false},"excerpt":{"rendered":"<p>HEMIC NEW HOMES, conforme a la legislaci\u00f3n vigente en materia de Protecci\u00f3n de Datos de Car\u00e1cter Personal, pone en conocimiento [&hellip;]<\/p>","protected":false},"author":1,"featured_media":0,"parent":0,"menu_order":0,"comment_status":"closed","ping_status":"closed","template":"","meta":{"_acf_changed":false,"footnotes":""},"class_list":["post-3","page","type-page","status-publish","hentry"],"acf":[],"_links":{"self":[{"href":"https:\/\/www.hemicnewhomes.com\/en\/wp-json\/wp\/v2\/pages\/3","targetHints":{"allow":["GET"]}}],"collection":[{"href":"https:\/\/www.hemicnewhomes.com\/en\/wp-json\/wp\/v2\/pages"}],"about":[{"href":"https:\/\/www.hemicnewhomes.com\/en\/wp-json\/wp\/v2\/types\/page"}],"author":[{"embeddable":true,"href":"https:\/\/www.hemicnewhomes.com\/en\/wp-json\/wp\/v2\/users\/1"}],"replies":[{"embeddable":true,"href":"https:\/\/www.hemicnewhomes.com\/en\/wp-json\/wp\/v2\/comments?post=3"}],"version-history":[{"count":4,"href":"https:\/\/www.hemicnewhomes.com\/en\/wp-json\/wp\/v2\/pages\/3\/revisions"}],"predecessor-version":[{"id":910,"href":"https:\/\/www.hemicnewhomes.com\/en\/wp-json\/wp\/v2\/pages\/3\/revisions\/910"}],"wp:attachment":[{"href":"https:\/\/www.hemicnewhomes.com\/en\/wp-json\/wp\/v2\/media?parent=3"}],"curies":[{"name":"wp","href":"https:\/\/api.w.org\/{rel}","templated":true}]}}