{"id":207,"date":"2024-07-31T15:58:32","date_gmt":"2024-07-31T13:58:32","guid":{"rendered":"https:\/\/www.hemicnewhomes.com\/?page_id=207"},"modified":"2024-08-11T20:54:05","modified_gmt":"2024-08-11T18:54:05","slug":"terminos-y-condiciones","status":"publish","type":"page","link":"https:\/\/www.hemicnewhomes.com\/en\/terminos-y-condiciones\/","title":{"rendered":"Terms and Conditions"},"content":{"rendered":"<div data-elementor-type=\"wp-page\" data-elementor-id=\"207\" class=\"elementor elementor-207\" data-elementor-post-type=\"page\">\n\t\t\t\t<div class=\"elementor-element elementor-element-7485f47 e-flex e-con-boxed e-con e-parent\" data-id=\"7485f47\" data-element_type=\"container\" data-settings=\"{&quot;background_background&quot;:&quot;classic&quot;}\">\n\t\t\t\t\t<div class=\"e-con-inner\">\n\t\t\t\t<div class=\"elementor-element elementor-element-3be20d4 elementor-widget elementor-widget-text-editor\" data-id=\"3be20d4\" data-element_type=\"widget\" data-widget_type=\"text-editor.default\">\n\t\t\t\t<div class=\"elementor-widget-container\">\n\t\t\t\t\t\t\t<div id=\"comp-l4pfzc6w\" class=\"HcOXKn c9GqVL QxJLC3 comp-l4pfzc6w wixui-rich-text\" data-testid=\"richTextElement\" data-motion-enter=\"done\"><p class=\"font_8 wixui-rich-text__text\"><span class=\"wixui-rich-text__text\">\u00c1mbito del contrato:<\/span><br class=\"wixui-rich-text__text\" \/>Las presentes condiciones se aplican a los productos\/servicios HEMIC NEW HOMES relativos a la compra y venta inmobiliaria, sea directa como intermediada seg\u00fan la sociedad del grupo que realice tal actividad(HEMIC INVERSIONES INMOBILIARIAS S.L., HEMIC PROPERTIES S.L.), y se dirigen a un p\u00fablico mayor de 18 a\u00f1os. \u00a0 \u00a0\u00a0<br class=\"wixui-rich-text__text\" \/>\u00a0 \u00a0<br class=\"wixui-rich-text__text\" \/>www.hemicnewhomes.com es uno de los sitios web de las mercantiles que integran el grupo HEMIC con domicilio social en la Calle Castell\u00f3 24 3\u00ba Centro, Madrid C\u00f3digo Postal 28001. Lea con atenci\u00f3n los t\u00e9rminos y condiciones del servicio para estar informado de los derechos y obligaciones de los usuarios del servicio ofrecido por este medio. La vigencia de estos t\u00e9rminos y condiciones ser\u00e1 reconocida de forma vinculante por el usuario en el momento en que decide disfrutar del servicio. \u00a0 \u00a0\u00a0<br class=\"wixui-rich-text__text\" \/>Las presentes condiciones generales de uso (en adelante nos referiremos a ellas como \u00abT\u00e9rminos y Condiciones\u00bb) se aplican al utilizar los servicios de nuestra p\u00e1gina web. El uso de nuestros servicios implica la aceptaci\u00f3n de estos T\u00e9rminos y Condiciones. Nos reservamos el derecho de modificar los presentes T\u00e9rminos y Condiciones en cualquier momento y sin necesidad de informar del motivo.<\/p><\/div><div id=\"comp-l4pfzdfe\" class=\"HcOXKn c9GqVL QxJLC3 comp-l4pfzdfe wixui-rich-text\" data-testid=\"richTextElement\" data-motion-enter=\"done\"><p class=\"font_8 wixui-rich-text__text\">\u201cComprar casa\u201d \/ Ofertas de usuarios \u00a0 \u00a0\u00a0<br class=\"wixui-rich-text__text\" \/>Los usuarios, a trav\u00e9s de nuestra p\u00e1gina web, tambi\u00e9n podr\u00e1n reservar los productos dispuestos por el HEMIC NEW HOMES en cada una de las p\u00e1ginas de promociones con viviendas disponibles para su compra; dichas reservas podr\u00e1n ser aceptadas por HEMIC NEW HOMES, dentro del plazo de 72 horas. La reserva quedar\u00e1 supeditada al estudio de viabilidad de la misma con la informaci\u00f3n aportada por el cliente.<br class=\"wixui-rich-text__text\" \/><br class=\"wixui-rich-text__text\" \/>Para poder realizar una reserva, el usuario oferente, en todo caso, deber\u00e1 aceptar previamente las Condiciones espec\u00edficas del servicio y las condiciones particulares, que ser\u00e1n plenamente aplicables junto con estos t\u00e9rminos y condiciones generales. \u00a0 \u00a0\u00a0<br class=\"wixui-rich-text__text\" \/>Todo el proceso legal de venta de pisos se lleva a cabo de forma offline. Los precios que figuran al pie de la fotograf\u00eda de cada inmueble no son precios finales de venta, sino orientativos de valoraci\u00f3n interna HEMIC NEW HOMES y no vinculantes para \u00e9sta. \u00a0 \u00a0\u00a0<br class=\"wixui-rich-text__text\" \/>En dicho importe, no se incluyen los gastos de notar\u00eda, impuestos, tasas, tasaciones o pagos a terceros. El usuario acepta, entiende y es consciente de que estos pagos o gastos pueden serle exigibles, en caso de que as\u00ed haya sido pactado entre las partes, o bien lo exija la legislaci\u00f3n vigente. \u00a0 \u00a0\u00a0<br class=\"wixui-rich-text__text\" \/><br class=\"wixui-rich-text__text\" \/>Por la aceptaci\u00f3n de estos t\u00e9rminos y condiciones los usuarios aceptan y entienden que en caso de ser necesaria actuaci\u00f3n para llevar a buen puerto el encargo, mandato o contrato y el cumplimiento de las obligaciones derivadas del mismo, HEMIC NEW HOMES, seg\u00fan los casos, podr\u00e1 realizar las actuaciones necesarias para ello facturando los costes respectivos a la otra parte\/y\/o usuario, que sean de su cargo legalmente. \u00a0 \u00a0\u00a0<br class=\"wixui-rich-text__text\" \/>HEMIC NEW HOMES queda exonerada de cualquier tipo de responsabilidad en referente a los precios finales de venta y acabados, siendo total responsable el promotor de cualesquiera que sean las promociones y sus viviendas.<br class=\"wixui-rich-text__text\" \/>Si desea ampliar informaci\u00f3n sobre el proceso aqu\u00ed descrito, relativa a la venta de alguno de nuestros inmuebles, podr\u00e1 enviar un correo electr\u00f3nico a info@hemicnewhomes.com, y nos pondremos en contacto con el usuario a la mayor brevedad posible.<\/p><\/div><div id=\"comp-l4pfzf0r\" class=\"HcOXKn c9GqVL QxJLC3 comp-l4pfzf0r wixui-rich-text\" data-testid=\"richTextElement\" data-motion-enter=\"done\"><p class=\"font_8 wixui-rich-text__text\"><span class=\"wixui-rich-text__text\">Condiciones Particulares de la Oferta de Comprar un Piso a HEMIC NEW HOMES.<\/span><\/p><p class=\"font_8 wixui-rich-text__text\">Al firmar la presente reserva, esta se regir\u00e1 por las siguientes condiciones particulares que acepta y le ser\u00e1n de aplicaci\u00f3n con relaci\u00f3n al servicio:<\/p><ul class=\"font_8 wixui-rich-text__text\"><li class=\"wixui-rich-text__text\"><p class=\"font_8 wixui-rich-text__text\">Procede a firmar y enviar una oferta de compra por el precio que figura en la web y sobre el inmueble de direcci\u00f3n indicada en la ficha del proyecto.<\/p><\/li><li class=\"wixui-rich-text__text\"><p class=\"font_8 wixui-rich-text__text\">La presentaci\u00f3n de la oferta de compra est\u00e1 sujeta al pago de mil euros (10.000\u20ac) mediante tarjeta de cr\u00e9dito\/d\u00e9bito. Esta cantidad formar\u00e1 parte del precio de la vivienda y se descontar\u00e1 de la cantidad a transferir en la formalizaci\u00f3n del contrato de compraventa.<\/p><\/li><li class=\"wixui-rich-text__text\"><p class=\"font_8 wixui-rich-text__text\">El promotor no est\u00e1 obligado a aceptar la oferta. HEMIC NEW HOMES dispondr\u00e1 de un plazo de 72 horas para el an\u00e1lisis y valoraci\u00f3n de la oferta de compra, y en caso de no ser aceptada, devolver\u00e1 el importe entregado.<\/p><\/li><li class=\"wixui-rich-text__text\"><p class=\"font_8 wixui-rich-text__text\">En el caso de que el promotor acepte su oferta, un representante de HEMIC NEW HOMES se pondr\u00e1 en contacto con usted para formalizar el contrato de compraventa sobre el inmueble objeto de oferta, que deber\u00e1 firmarse (al precio aceptado) en un plazo m\u00e1ximo de 72 horas desde la comunicaci\u00f3n de la fecha y hora de la firma del contrato de compraventa en los t\u00e9rminos que queden marcados. En el caso de que no se firme el contrato en dicho plazo, se perder\u00e1 la cuant\u00eda entregada para la realizaci\u00f3n de la oferta por el usuario y por tanto la opci\u00f3n preferente de la adquisici\u00f3n del inmueble, quedando este libre para su comercializaci\u00f3n.<\/p><\/li><\/ul><p class=\"font_8 wixui-rich-text__text\">El contrato de compraventa se formalizar\u00e1 siempre de acuerdo con las condiciones que el promotor fije.<\/p><p class=\"font_8 wixui-rich-text__text\">\u200b<span class=\"wixGuard wixui-rich-text__text\">\u200b<\/span><\/p><\/div><div id=\"comp-ljr9lq1z\" class=\"HcOXKn c9GqVL QxJLC3 comp-ljr9lq1z wixui-rich-text\" data-testid=\"richTextElement\" data-motion-enter=\"done\"><p class=\"font_8 wixui-rich-text__text\"><span class=\"wixui-rich-text__text\">GASTOS DE GESTI\u00d3N<\/span><br class=\"wixui-rich-text__text\" \/>Se cobra un importe de 2.900\u20ac sin IVA (el IVA ser\u00eda del 21% por ello 609\u20ac) que incluye los gastos asociados a la preparaci\u00f3n, seguimiento y firma del contrato.\u00a0<\/p><ul class=\"font_8 wixui-rich-text__text\"><li class=\"wixui-rich-text__text\"><p class=\"font_8 wixui-rich-text__text\">El titular del derecho por este importe es HEMIC PROPERTIES S.L.<\/p><\/li><li class=\"wixui-rich-text__text\"><p class=\"font_8 wixui-rich-text__text\">El pago del importe se\u00f1alado deber\u00e1 hacerse por tarjeta bancaria o por pago por transferencia bancaria a la cuenta: ES39 0049 6744 49 2916195256<\/p><\/li><li class=\"wixui-rich-text__text\"><p class=\"font_8 wixui-rich-text__text\">La obligaci\u00f3n de pago se devengar\u00e1 con la firma del contrato de compraventa y deber\u00e1 hacerse el abono de manera previa a la elevaci\u00f3n de la escritura p\u00fablica de compraventa.<\/p><\/li><li class=\"wixui-rich-text__text\"><p class=\"font_8 wixui-rich-text__text\">El hecho de que pasado el plazo no se hubiere hecho efectivo el pago, pero si firmado el contrato, no supone la p\u00e9rdida o renuncia del derecho a su cobro durante los 5 a\u00f1os siguientes a su devengo; y sin perjuicio de que los servicios incluidos hasta el completo pago no se realicen o entreguen bajo responsabilidad del comprador.\u00a0<\/p><\/li><li class=\"wixui-rich-text__text\"><p class=\"font_8 wixui-rich-text__text\">Este pago se considera esencial para la relaci\u00f3n contractual de la compraventa y no hecho efectivo el mismo, HEMIC NEW HOMES a trav\u00e9s de la sociedad vendedora respectiva podr\u00e1 desistir de la operaci\u00f3n sin responsabilidad alguna y retener las cantidades que hayan sido entregadas ya por el cliente.<\/p><\/li><\/ul><\/div><div id=\"comp-l4pftgdf\" class=\"HcOXKn c9GqVL QxJLC3 comp-l4pftgdf wixui-rich-text\" data-testid=\"richTextElement\" data-motion-enter=\"done\"><p class=\"font_8 wixui-rich-text__text\"><span class=\"wixui-rich-text__text\"><span class=\"color_15 wixui-rich-text__text\">Prevenci\u00f3n del blanqueo de capitales y financiaci\u00f3n del terrorismo.<br class=\"wixui-rich-text__text\" \/>En el marco del otorgamiento de la escritura p\u00fablica de compraventa, el Comprador deber\u00e1 facilitar a la Propiedad, con una antelaci\u00f3n m\u00ednima de 48 horas respecto de la fecha de otorgamiento de la escritura de compraventa, de forma veraz y completa, cuanta informaci\u00f3n y documentaci\u00f3n sea necesaria y le sea requerida a los efectos de que la Propiedad pueda dar cumplimiento a sus obligaciones bajo la Ley 10\/2010, de 28 de abril y dem\u00e1s normativa reguladora de la prevenci\u00f3n del blanqueo de capitales y de la financiaci\u00f3n del terrorismo, y autoriza expresamente a la Propiedad a realizar las actualizaciones de verificaci\u00f3n que considere oportunas para esta finalidad.<br class=\"wixui-rich-text__text\" \/>La falta de obtenci\u00f3n por parte de la Propiedad de la informaci\u00f3n y documentaci\u00f3n exigida en las pol\u00edticas internas establecidas para dar cumplimiento a la legislaci\u00f3n ser\u00e1 causa suficiente para que la Propiedad est\u00e9 facultada para resolver el presente contrato de compraventa con mediaci\u00f3n de arras penitenciales y se niegue a otorgar la escritura de compraventa del Inmueble, sin que ello pueda comportar ning\u00fan tipo de responsabilidad para la Propiedad. En dicho caso, el Comprador tendr\u00e1 derecho a obtener la devoluci\u00f3n de la cantidad entregada a la Propiedad en concepto de arras penitenciales, facultando a la parte vendedora a la no devoluci\u00f3n de la cantidad de 1.000\u20ac entregado en concepto de reserva. Cuando la falta de obtenci\u00f3n de la informaci\u00f3n o documentaci\u00f3n se deba a falta de diligencia o buena fe del comprador, y utilice esta normativa de prevenci\u00f3n de conductas fraudulentas, para enmascarar una conducta incumplidora o de desistimiento y evitar as\u00ed su obligaci\u00f3n derivada del concepto de las arras contractuales que se pacten, en su caso, no se valorar\u00e1 la devoluci\u00f3n del importe entregado su fuere conforme a derecho.<br class=\"wixui-rich-text__text\" \/>Acepta y declara que ha le\u00eddo y comprendido los t\u00e9rminos y condiciones anteriormente expuestos.<\/span><\/span><\/p><\/div><div id=\"comp-ljr8woty\" class=\"HcOXKn c9GqVL QxJLC3 comp-ljr8woty wixui-rich-text\" data-testid=\"richTextElement\" data-motion-enter=\"done\"><p class=\"font_8 wixui-rich-text__text\"><span class=\"wixui-rich-text__text\"><span class=\"color_15 wixui-rich-text__text\">ESPECIALIDAD PISOS DE PROPIEDAD AJENA A HEMIC NEW HOMES que esta comercializa:<br class=\"wixui-rich-text__text\" \/>* El piso no es propiedad del grupo HEMIC, la venta se hace por encargo del propietario en su comercializaci\u00f3n.<br class=\"wixui-rich-text__text\" \/>* La aceptaci\u00f3n de la reserva podr\u00e1 tener un tiempo superior a las 72 horas por necesidades y particularidades de la propiedad.<br class=\"wixui-rich-text__text\" \/>*Las peculiaridades del contrato entre propiedad y vendedor podr\u00e1n variar por voluntad de estos, partiendo de las condiciones y t\u00e9rminos establecidos como si el piso fuere de HEMIC NEW HOMES; o se sujetar\u00e1n directamente a lo que se pacte entre parte vendedora y parte compradora.<br class=\"wixui-rich-text__text\" \/>* En estas ventas no ser\u00e1n aplicables los gastos de gesti\u00f3n.<\/span><\/span><\/p><\/div><div id=\"comp-ljr9lsni\" class=\"HcOXKn c9GqVL QxJLC3 comp-ljr9lsni wixui-rich-text\" data-testid=\"richTextElement\" data-motion-enter=\"done\"><p class=\"font_8 wixui-rich-text__text\"><span class=\"wixui-rich-text__text\">Derecho de uso del servicio web:<\/span><\/p><p class=\"font_8 wixui-rich-text__text\"><br class=\"wixui-rich-text__text\" \/>Los usuarios tienen el derecho de visualizar sus datos personalizados en su propia pantalla, as\u00ed como de imprimirlos. No obstante, esos datos no pueden ser utilizados con fines comerciales, para la creaci\u00f3n de una base de datos o para su aprovechamiento industrial.<br class=\"wixui-rich-text__text\" \/>Est\u00e1n prohibidas las medidas cuyo objetivo sea interrumpir o dificultar el funcionamiento de\u00a0<span class=\"wixui-rich-text__text\"><a class=\"wixui-rich-text__text\" href=\"https:\/\/clikalia.es\/legal\/www.clikalia.com\" target=\"_blank\" rel=\"noreferrer noopener\">www.hemicnewhomes.com<\/a><\/span>\u00a0. Adem\u00e1s, sin autorizaci\u00f3n escrita no es posible extraer o reutilizar nuestra oferta. No pueden utilizarse sin nuestra autorizaci\u00f3n programas de extracci\u00f3n y recopilaci\u00f3n de datos. No se permite la integraci\u00f3n o la vinculaci\u00f3n con nuestro servicio, sin consentimiento expreso por nuestra parte. El derecho de uso del servicio y de sus funciones s\u00f3lo es posible en el marco del actual estado de la tecnolog\u00eda.<br class=\"wixui-rich-text__text\" \/>El usuario concede gratuitamente al Grupo HEMIC el derecho ilimitado de reutilizar online y offline el contenido que ha sido transmitido a HEMIC NEW HOMES, as\u00ed como los datos de su inmueble y las fotos efectuadas y relacionadas con la valoraci\u00f3n del mismo.<br class=\"wixui-rich-text__text\" \/>La presentaci\u00f3n y el funcionamiento del servicio pueden variar seg\u00fan el tipo de acceso, por ejemplo, a trav\u00e9s de internet o de aplicaciones m\u00f3viles. El derecho de uso del servicio y de sus funciones s\u00f3lo es posible en el marco del actual estado de la tecnolog\u00eda.<\/p><p class=\"font_8 wixui-rich-text__text\">\u00a0<\/p><p class=\"font_8 wixui-rich-text__text\"><span class=\"wixui-rich-text__text\">Garant\u00eda:<\/span><br class=\"wixui-rich-text__text\" \/>hemicnewhomes.com no ofrece garant\u00eda alguna por los errores t\u00e9cnicos, en particular por la disponibilidad constante e ininterrumpida de la p\u00e1gina web o por la correcta reproducci\u00f3n de los contenidos introducidos por el usuario.<br class=\"wixui-rich-text__text\" \/>En caso de no disponibilidad de la oferta, puede comunicarse con nuestro servicio de Atenci\u00f3n al Cliente a la direcci\u00f3n de correo electr\u00f3nico:\u00a0<span class=\"wixui-rich-text__text\"><a class=\"wixui-rich-text__text\" href=\"mailto:info@hemicproperties.com\" data-auto-recognition=\"true\">info@hemicproperties.com<\/a><\/span><\/p><p class=\"font_8 wixui-rich-text__text\">\u00a0<\/p><p class=\"font_8 wixui-rich-text__text\"><span class=\"wixui-rich-text__text\">Seguridad:<\/span><br class=\"wixui-rich-text__text\" \/>HEMIC NEW HOMES informa a los usuarios que el sitio web utiliza t\u00e9cnicas de seguridad de la informaci\u00f3n generalmente aceptada en la industria, tales como firewalls, procedimiento de control de acceso y mecanismos criptogr\u00e1ficos, todo ello con el objeto de evitar el acceso no autorizado de datos.<br class=\"wixui-rich-text__text\" \/>Para lograr estos fines, el usuario\/cliente acepta que el prestador obtenga datos para efecto de la correspondiente autenticaci\u00f3n de los controles de acceso.<\/p><p class=\"font_8 wixui-rich-text__text\"><br class=\"wixui-rich-text__text\" \/><span class=\"wixui-rich-text__text\">Limitaci\u00f3n de responsabilidad:<\/span><br class=\"wixui-rich-text__text\" \/>No puede garantizarse que el servicio ofrecido est\u00e9 siempre disponible y libre de errores. El acceso a hemicnewhomes.com puede interrumpirse ocasionalmente o verse restringido por la realizaci\u00f3n de tareas de mantenimiento o por la introducci\u00f3n de nuevos servicios y funcionalidades. Hemicnewhomes.com tratar\u00e1 de limitar la frecuencia y duraci\u00f3n de dicha interrupci\u00f3n.<br class=\"wixui-rich-text__text\" \/>En consecuencia, el uso de los contenidos online se hace bajo la propia responsabilidad y riesgo del usuario. En el curso de utilizaci\u00f3n de nuestra p\u00e1gina web y los servicios, hemicnewhomes.com responder\u00e1 de modo ilimitado por los da\u00f1os causados intencionalmente o por grave negligencia de clikalia.com o a trav\u00e9s de sus representantes legales, empleados o agentes.<br class=\"wixui-rich-text__text\" \/>\u00a0<\/p><p class=\"font_8 wixui-rich-text__text\"><span class=\"wixui-rich-text__text\">Protecci\u00f3n de datos:<\/span><br class=\"wixui-rich-text__text\" \/>La protecci\u00f3n de datos personales y la privacidad de los usuarios en nuestra p\u00e1gina web es una cuesti\u00f3n de car\u00e1cter esencial para el Grupo HEMIC. Por ello, aseguramos nuestra conformidad y cumplimiento de los requisitos legales exigidos por la normativa vigente en materia de protecci\u00f3n de datos. Para m\u00e1s informaci\u00f3n consulta la Pol\u00edtica de Privacidad de HEMIC NEW HOMES.<br class=\"wixui-rich-text__text\" \/>La informaci\u00f3n personal recogida a trav\u00e9s de nuestro servicio ser\u00e1 la razonable para la prestaci\u00f3n del servicio. Esto incluye, por ejemplo, la direcci\u00f3n de correo electr\u00f3nico, el n\u00famero de tel\u00e9fono del usuario, los datos referentes a su vivienda. El propio usuario introducir\u00e1 dichos datos a trav\u00e9s de nuestro formulario online.<br class=\"wixui-rich-text__text\" \/>Utilizamos esta informaci\u00f3n, en la medida necesaria, para ofrecer nuestros servicios al usuario. Las comunicaciones electr\u00f3nicas con fines de autopromoci\u00f3n del servicio y no relacionados con las notificaciones vinculadas al servicio expresamente solicitado por el usuario, ser\u00e1n enviadas existiendo un previo consentimiento por parte del usuario a trav\u00e9s de clic en la casilla correspondiente.<br class=\"wixui-rich-text__text\" \/>Es posible dar de baja su direcci\u00f3n de correo electr\u00f3nico y su n\u00famero de tel\u00e9fono en cualquier momento y sin incurrir en gastos adicionales de las tarifas b\u00e1sicas. Puede enviarnos un correo electr\u00f3nico a la direcci\u00f3n\u00a0<span class=\"wixui-rich-text__text\">info@hemicnewhomes<\/span><span class=\"wixui-rich-text__text\">.com\u00a0<\/span>con la palabra clave \u00abdarse de baja\u00bb.<\/p><p class=\"font_8 wixui-rich-text__text\"><br class=\"wixui-rich-text__text\" \/><span class=\"wixui-rich-text__text\">Propiedad Intelectual e Industrial:<\/span><br class=\"wixui-rich-text__text\" \/>Todas las marcas comerciales, logotipos, textos, im\u00e1genes y dem\u00e1s datos de nuestra p\u00e1gina web est\u00e1n sometidos a derechos de autor. Al utilizar nuestro sitio, el usuario no tiene derecho a utilizar ulteriormente esta informaci\u00f3n. La modificaci\u00f3n, el procesamiento y el uso en medios de comunicaci\u00f3n de cualquier tipo est\u00e1n completamente prohibido. Otro uso s\u00f3lo es posible con el consentimiento previo y por escrito del Grupo HEMIC<br class=\"wixui-rich-text__text\" \/>El uso no autorizado de nuestra informaci\u00f3n, as\u00ed como los logotipos o marcas registradas de terceros que aparecen en nuestra p\u00e1gina web, viola nuestros derechos o los derechos de terceros y, adem\u00e1s, no estando por tanto permitido.<\/p><p class=\"font_8 wixui-rich-text__text\"><br class=\"wixui-rich-text__text\" \/><span class=\"wixui-rich-text__text\">Cl\u00e1usula de salvedad:<\/span><br class=\"wixui-rich-text__text\" \/>Si alguna de las disposiciones de estos T\u00e9rminos y Condiciones es o resulta inv\u00e1lida, la validez de las disposiciones restantes no se ver\u00e1 afectada. Esta disposici\u00f3n puede ser reemplazada por otras m\u00e1s v\u00e1lidas y operantes que se acerquen lo m\u00e1s posible a la finalidad econ\u00f3mica prevista.<\/p><p class=\"font_8 wixui-rich-text__text\">\u00a0<\/p><p class=\"font_8 wixui-rich-text__text\"><span class=\"wixui-rich-text__text\">Ley aplicable, lugar de cumplimiento y jurisdicci\u00f3n:<\/span><br class=\"wixui-rich-text__text\" \/>HEMIC INVERSIONES INMOBILIARIAS S.L. y HEMIC PROPERTIES S.L. har\u00e1 uso de las acciones civiles o penales que por ley corresponda, ante cualquier utilizaci\u00f3n indebida del dominio web. Los litigios que pudieran surgir con relaci\u00f3n a este Dominio y\/o a estos T\u00e9rminos y Condiciones, se regir\u00e1n \u00fanicamente por el derecho espa\u00f1ol, someti\u00e9ndose a los Juzgados y Tribunales competentes de Madrid.<\/p><\/div>\t\t\t\t\t\t<\/div>\n\t\t\t\t<\/div>\n\t\t\t\t\t<\/div>\n\t\t\t\t<\/div>\n\t\t\t\t<\/div>","protected":false},"excerpt":{"rendered":"<p>\u00c1mbito del contrato:Las presentes condiciones se aplican a los productos\/servicios HEMIC NEW HOMES relativos a la compra y venta inmobiliaria, [&hellip;]<\/p>","protected":false},"author":1,"featured_media":0,"parent":0,"menu_order":0,"comment_status":"closed","ping_status":"closed","template":"","meta":{"_acf_changed":false,"footnotes":""},"class_list":["post-207","page","type-page","status-publish","hentry"],"acf":[],"_links":{"self":[{"href":"https:\/\/www.hemicnewhomes.com\/en\/wp-json\/wp\/v2\/pages\/207","targetHints":{"allow":["GET"]}}],"collection":[{"href":"https:\/\/www.hemicnewhomes.com\/en\/wp-json\/wp\/v2\/pages"}],"about":[{"href":"https:\/\/www.hemicnewhomes.com\/en\/wp-json\/wp\/v2\/types\/page"}],"author":[{"embeddable":true,"href":"https:\/\/www.hemicnewhomes.com\/en\/wp-json\/wp\/v2\/users\/1"}],"replies":[{"embeddable":true,"href":"https:\/\/www.hemicnewhomes.com\/en\/wp-json\/wp\/v2\/comments?post=207"}],"version-history":[{"count":7,"href":"https:\/\/www.hemicnewhomes.com\/en\/wp-json\/wp\/v2\/pages\/207\/revisions"}],"predecessor-version":[{"id":907,"href":"https:\/\/www.hemicnewhomes.com\/en\/wp-json\/wp\/v2\/pages\/207\/revisions\/907"}],"wp:attachment":[{"href":"https:\/\/www.hemicnewhomes.com\/en\/wp-json\/wp\/v2\/media?parent=207"}],"curies":[{"name":"wp","href":"https:\/\/api.w.org\/{rel}","templated":true}]}}